{"id":417,"date":"2020-10-20T17:17:11","date_gmt":"2020-10-20T17:17:11","guid":{"rendered":"http:\/\/pecadosagrado.com\/?post_type=product&#038;p=417"},"modified":"2021-05-17T08:05:06","modified_gmt":"2021-05-17T13:05:06","slug":"mezcal-pecado-sagrado","status":"publish","type":"product","link":"https:\/\/pecadosagrado.com\/it\/prodotto\/mezcal-pecado-sagrado\/","title":{"rendered":"Mezcal Pecado Sagrado"},"content":{"rendered":"<p>Il mescal che rimane a riposare pi\u00f9 di 12 mesi (dopo l\u2019anno) in recipienti di legno, in uno spazio con condizioni stabili di temperatura e umidit\u00e0.<\/p>\n<p>Mezcal de maguey Espad\u00edn (Agave angustifolia Haw.), de la regi\u00f3n del Valle de Oaxaca, reposado en barricas de roble blanco americano en un 80% y de roble franc\u00e9s en un 20% durante 18 meses. Su color es un pasaje al pasado, pero su sabor te transmite al presente.<\/p>","protected":false},"excerpt":{"rendered":"<p>Il mescal che rimane a riposare pi\u00f9 di 12 mesi (dopo l\u2019anno) in recipienti di legno, in uno spazio con condizioni stabili di temperatura e umidit\u00e0.<\/p>","protected":false},"featured_media":843,"comment_status":"open","ping_status":"closed","template":"","meta":{"generate_page_header":""},"product_brand":[],"product_cat":[27],"product_tag":[],"class_list":{"0":"post-417","1":"product","2":"type-product","3":"status-publish","4":"has-post-thumbnail","6":"product_cat-pecado-sagrado","7":"product_shipping_class-mexico","8":"sales-flash-overlay","9":"woocommerce-text-align-center","10":"woocommerce-image-align-center","12":"first","13":"instock","14":"shipping-taxable","15":"product-type-simple"},"aioseo_notices":[],"_links":{"self":[{"href":"https:\/\/pecadosagrado.com\/it\/wp-json\/wp\/v2\/product\/417","targetHints":{"allow":["GET"]}}],"collection":[{"href":"https:\/\/pecadosagrado.com\/it\/wp-json\/wp\/v2\/product"}],"about":[{"href":"https:\/\/pecadosagrado.com\/it\/wp-json\/wp\/v2\/types\/product"}],"replies":[{"embeddable":true,"href":"https:\/\/pecadosagrado.com\/it\/wp-json\/wp\/v2\/comments?post=417"}],"wp:featuredmedia":[{"embeddable":true,"href":"https:\/\/pecadosagrado.com\/it\/wp-json\/wp\/v2\/media\/843"}],"wp:attachment":[{"href":"https:\/\/pecadosagrado.com\/it\/wp-json\/wp\/v2\/media?parent=417"}],"wp:term":[{"taxonomy":"product_brand","embeddable":true,"href":"https:\/\/pecadosagrado.com\/it\/wp-json\/wp\/v2\/product_brand?post=417"},{"taxonomy":"product_cat","embeddable":true,"href":"https:\/\/pecadosagrado.com\/it\/wp-json\/wp\/v2\/product_cat?post=417"},{"taxonomy":"product_tag","embeddable":true,"href":"https:\/\/pecadosagrado.com\/it\/wp-json\/wp\/v2\/product_tag?post=417"}],"curies":[{"name":"wp","href":"https:\/\/api.w.org\/{rel}","templated":true}]}}