{"id":465,"date":"2020-11-09T16:19:49","date_gmt":"2020-11-09T22:19:49","guid":{"rendered":"http:\/\/pecadosagrado.com\/?post_type=product&#038;p=465"},"modified":"2021-04-24T09:37:11","modified_gmt":"2021-04-24T14:37:11","slug":"mezcal-pecado-sagrado-silvestres","status":"publish","type":"product","link":"https:\/\/pecadosagrado.com\/fr\/produit\/mezcal-pecado-sagrado-silvestres\/","title":{"rendered":"Mezcal Pecado Sagrado Silvestres"},"content":{"rendered":"<p>Les agaves sauvages se reproduisent et poussent d'eux-m\u00eames. Trouver un agave sauvage est certainement un v\u00e9ritable triomphe ; ils poussent g\u00e9n\u00e9ralement dans des endroits aussi complexes et \u00e9tranges que le sommet d'un rocher ou derri\u00e8re le rideau d'une chute d'eau. Ils doivent \u00eatre \u00e2g\u00e9s d'au moins 17 \u00e0 30 ans pour devenir mezcal. Ici, nous ne produisons que du Tobal\u00e1 et du Tepeztate.<\/p>\n<p>Proc\u00e9d\u00e9 artisanal avec du maguey sauvage de Tobal\u00e1 (Agave potatorum Zucc.). Un mezcal au c\u0153ur sauvage et \u00e0 l'\u00e2me indomptable. Productions limit\u00e9es.\n<br>\n<strong>Fiche technique <\/strong>\n<ul><li> Jeune\/blanc.<\/li>\n<li>100% Maguey Tobal\u00e1 (Agave potatorum Zucc.).<\/li>\n<li> 42% Alc. Vol.<\/li>\n<li> Produit en distillerie \u00e0 Santiago Matatl\u00e1n, Tlacolula, Oaxaca, au Mexique.<\/li>\n<\/ul><\/p>","protected":false},"excerpt":{"rendered":"<ul>\n<li>Joven\/Blanco.<\/li>\n<li>100% de Maguey Tobal\u00e1 (Agave potatorum Zucc.).<\/li>\n<li>42% Alc. Vol.<\/li>\n<li>Producido en Destiler\u00eda ubicada en Santiago Matatl\u00e1n,Tlacolula, Oaxaca.<\/li>\n<\/ul>","protected":false},"featured_media":466,"comment_status":"open","ping_status":"closed","template":"","meta":{"generate_page_header":""},"product_brand":[],"product_cat":[27],"product_tag":[],"class_list":{"0":"post-465","1":"product","2":"type-product","3":"status-publish","4":"has-post-thumbnail","6":"product_cat-pecado-sagrado","7":"sales-flash-overlay","8":"woocommerce-text-align-center","9":"woocommerce-image-align-center","11":"first","12":"instock","13":"shipping-taxable","14":"product-type-simple"},"aioseo_notices":[],"_links":{"self":[{"href":"https:\/\/pecadosagrado.com\/fr\/wp-json\/wp\/v2\/product\/465","targetHints":{"allow":["GET"]}}],"collection":[{"href":"https:\/\/pecadosagrado.com\/fr\/wp-json\/wp\/v2\/product"}],"about":[{"href":"https:\/\/pecadosagrado.com\/fr\/wp-json\/wp\/v2\/types\/product"}],"replies":[{"embeddable":true,"href":"https:\/\/pecadosagrado.com\/fr\/wp-json\/wp\/v2\/comments?post=465"}],"wp:featuredmedia":[{"embeddable":true,"href":"https:\/\/pecadosagrado.com\/fr\/wp-json\/wp\/v2\/media\/466"}],"wp:attachment":[{"href":"https:\/\/pecadosagrado.com\/fr\/wp-json\/wp\/v2\/media?parent=465"}],"wp:term":[{"taxonomy":"product_brand","embeddable":true,"href":"https:\/\/pecadosagrado.com\/fr\/wp-json\/wp\/v2\/product_brand?post=465"},{"taxonomy":"product_cat","embeddable":true,"href":"https:\/\/pecadosagrado.com\/fr\/wp-json\/wp\/v2\/product_cat?post=465"},{"taxonomy":"product_tag","embeddable":true,"href":"https:\/\/pecadosagrado.com\/fr\/wp-json\/wp\/v2\/product_tag?post=465"}],"curies":[{"name":"wp","href":"https:\/\/api.w.org\/{rel}","templated":true}]}}