{"id":459,"date":"2020-11-09T16:13:34","date_gmt":"2020-11-09T16:13:34","guid":{"rendered":"http:\/\/pecadosagrado.com\/?post_type=product&#038;p=459"},"modified":"2021-02-01T16:52:47","modified_gmt":"2021-02-01T22:52:47","slug":"mezcal-pecado-sagrado-reposado","status":"publish","type":"product","link":"https:\/\/pecadosagrado.com\/fr\/produit\/mezcal-pecado-sagrado-reposado\/","title":{"rendered":"Mezcal Pecado Sagrado Reposado"},"content":{"rendered":"<p>Le mezcal de maguey Espad\u00edn (Agave angustifolia Haw.), de la r\u00e9gion de la Vall\u00e9e de Oaxaca, a repos\u00e9 dans des f\u00fbts compos\u00e9s \u00e0 80% de ch\u00eane blanc am\u00e9ricain et \u00e0 20% de ch\u00eane blanc fran\u00e7ais, pendant 10 mois, temps qui permet l'impression de la saveur qui se d\u00e9guste au palais.<\/p>\n<p>Mezcal artisanal fabriqu\u00e9 avec 100% de maguey Espad\u00edn (Agave angustifolia Haw.), provenant des plaines de la r\u00e9gion de Oaxaca. Il contient les saveurs de la terre, de la pierre volcanique et du bois qui exaltent nos sens pour se connecter \u00e0 nos \u00e9motions les plus vraies.\n\n<ul>\n<li>100% Maguey Espad\u00edn (Agave Angustifolia Haw.).<\/li>\n<li>42% Alc. Vol.<\/li>\n<li>Le maguey Espad\u00edn est originaire de la r\u00e9gion de la vall\u00e9e de Oaxaca.<\/li>\n<li>Produit en distillerie \u00e0 Santiago Matatl\u00e1n, Tlacolula, Oaxaca, au Mexique<\/li>\n<li>Processus artisanal:\n<ul>\n<li>S\u00e9lection de maguey de la r\u00e9gion de la vall\u00e9e de Oaxaca. <\/li>\n<li>Cuit dans un four \u00e0 bois conique souterrain.<\/li>\n<li>Broy\u00e9 dans un moulin de pierres actionn\u00e9 par un cheval.<\/li>\n<li>Fermentation naturelle dans des cuves en bois de pin de 800 litres, avec des levures indig\u00e8nes originaires de la r\u00e9gion. Double distillation en alambics de cuivre.<\/li>\n<li>Mezcal certifi\u00e9 par le CRM (Conseil R\u00e9gulateur du Mezcal), selon la norme NOM-070- SCFI-2016 du mezcal et de son appellation d'origine.<\/li>\n<\/ul>\n<\/li>\n<\/ul><\/p>","protected":false},"excerpt":{"rendered":"<p>Le mezcal de maguey Espad\u00edn (Agave angustifolia Haw.), de la r\u00e9gion de la Vall\u00e9e de Oaxaca, a repos\u00e9 dans des f\u00fbts compos\u00e9s \u00e0 80% de ch\u00eane blanc am\u00e9ricain et \u00e0 20% de ch\u00eane blanc fran\u00e7ais, pendant 10 mois, temps qui permet l'impression de la saveur qui se d\u00e9guste au palais.<\/p>","protected":false},"featured_media":458,"comment_status":"open","ping_status":"closed","template":"","meta":{"generate_page_header":""},"product_brand":[],"product_cat":[27],"product_tag":[],"class_list":{"0":"post-459","1":"product","2":"type-product","3":"status-publish","4":"has-post-thumbnail","6":"product_cat-pecado-sagrado","7":"sales-flash-overlay","8":"woocommerce-text-align-center","9":"woocommerce-image-align-center","11":"first","12":"instock","13":"shipping-taxable","14":"product-type-simple"},"aioseo_notices":[],"_links":{"self":[{"href":"https:\/\/pecadosagrado.com\/fr\/wp-json\/wp\/v2\/product\/459","targetHints":{"allow":["GET"]}}],"collection":[{"href":"https:\/\/pecadosagrado.com\/fr\/wp-json\/wp\/v2\/product"}],"about":[{"href":"https:\/\/pecadosagrado.com\/fr\/wp-json\/wp\/v2\/types\/product"}],"replies":[{"embeddable":true,"href":"https:\/\/pecadosagrado.com\/fr\/wp-json\/wp\/v2\/comments?post=459"}],"wp:featuredmedia":[{"embeddable":true,"href":"https:\/\/pecadosagrado.com\/fr\/wp-json\/wp\/v2\/media\/458"}],"wp:attachment":[{"href":"https:\/\/pecadosagrado.com\/fr\/wp-json\/wp\/v2\/media?parent=459"}],"wp:term":[{"taxonomy":"product_brand","embeddable":true,"href":"https:\/\/pecadosagrado.com\/fr\/wp-json\/wp\/v2\/product_brand?post=459"},{"taxonomy":"product_cat","embeddable":true,"href":"https:\/\/pecadosagrado.com\/fr\/wp-json\/wp\/v2\/product_cat?post=459"},{"taxonomy":"product_tag","embeddable":true,"href":"https:\/\/pecadosagrado.com\/fr\/wp-json\/wp\/v2\/product_tag?post=459"}],"curies":[{"name":"wp","href":"https:\/\/api.w.org\/{rel}","templated":true}]}}