{"id":457,"date":"2020-11-09T16:12:51","date_gmt":"2020-11-09T16:12:51","guid":{"rendered":"http:\/\/pecadosagrado.com\/?post_type=product&#038;p=457"},"modified":"2021-04-24T09:41:06","modified_gmt":"2021-04-24T14:41:06","slug":"mezcal-pecado-sagrado-joven-blanco","status":"publish","type":"product","link":"https:\/\/pecadosagrado.com\/fr\/produit\/mezcal-pecado-sagrado-joven-blanco\/","title":{"rendered":"Mezcal Pecado Sagrado Joven Blanco"},"content":{"rendered":"<p>C'est le mezcal qui est conserv\u00e9 pendant plus de 12 mois (apr\u00e8s l'ann\u00e9e) en f\u00fbt en bois, dans un espace aux conditions de temp\u00e9rature et d'humidit\u00e9 stables.<\/p>\n<p>Mezcal fabriqu\u00e9 \u00e0 partir du maguey Espad\u00edn (Agave angustifolia Haw.), de la r\u00e9gion de la vall\u00e9e de \nOaxaca, vieilli pendant 18 mois dans des f\u00fbts compos\u00e9s \u00e0 80% de ch\u00eane blanc am\u00e9ricain et \u00e0 20% de ch\u00eane blanc fran\u00e7ais. Sa couleur est une \u00e9vocation au pass\u00e9, mais sa saveur vous rappelle au pr\u00e9sent.<\/p>","protected":false},"excerpt":{"rendered":"<p>C'est le mezcal qui est conserv\u00e9 pendant plus de 12 mois (apr\u00e8s l'ann\u00e9e) en f\u00fbt en bois, dans un espace aux conditions de temp\u00e9rature et d'humidit\u00e9 stables.<\/p>","protected":false},"featured_media":458,"comment_status":"open","ping_status":"closed","template":"","meta":{"generate_page_header":""},"product_brand":[],"product_cat":[27],"product_tag":[],"class_list":{"0":"post-457","1":"product","2":"type-product","3":"status-publish","4":"has-post-thumbnail","6":"product_cat-pecado-sagrado","7":"sales-flash-overlay","8":"woocommerce-text-align-center","9":"woocommerce-image-align-center","11":"first","12":"instock","13":"shipping-taxable","14":"product-type-simple"},"aioseo_notices":[],"_links":{"self":[{"href":"https:\/\/pecadosagrado.com\/fr\/wp-json\/wp\/v2\/product\/457","targetHints":{"allow":["GET"]}}],"collection":[{"href":"https:\/\/pecadosagrado.com\/fr\/wp-json\/wp\/v2\/product"}],"about":[{"href":"https:\/\/pecadosagrado.com\/fr\/wp-json\/wp\/v2\/types\/product"}],"replies":[{"embeddable":true,"href":"https:\/\/pecadosagrado.com\/fr\/wp-json\/wp\/v2\/comments?post=457"}],"wp:featuredmedia":[{"embeddable":true,"href":"https:\/\/pecadosagrado.com\/fr\/wp-json\/wp\/v2\/media\/458"}],"wp:attachment":[{"href":"https:\/\/pecadosagrado.com\/fr\/wp-json\/wp\/v2\/media?parent=457"}],"wp:term":[{"taxonomy":"product_brand","embeddable":true,"href":"https:\/\/pecadosagrado.com\/fr\/wp-json\/wp\/v2\/product_brand?post=457"},{"taxonomy":"product_cat","embeddable":true,"href":"https:\/\/pecadosagrado.com\/fr\/wp-json\/wp\/v2\/product_cat?post=457"},{"taxonomy":"product_tag","embeddable":true,"href":"https:\/\/pecadosagrado.com\/fr\/wp-json\/wp\/v2\/product_tag?post=457"}],"curies":[{"name":"wp","href":"https:\/\/api.w.org\/{rel}","templated":true}]}}