{"id":871,"date":"2021-03-24T12:57:13","date_gmt":"2021-03-24T18:57:13","guid":{"rendered":"http:\/\/pecadosagrado.com\/?page_id=871"},"modified":"2021-03-24T12:58:29","modified_gmt":"2021-03-24T18:58:29","slug":"historia","status":"publish","type":"page","link":"https:\/\/pecadosagrado.com\/fr\/historia\/","title":{"rendered":"Historia"},"content":{"rendered":"<div data-elementor-type=\"wp-page\" data-elementor-id=\"871\" class=\"elementor elementor-871\" data-elementor-post-type=\"page\">\n\t\t\t\t\t\t<section class=\"elementor-section elementor-top-section elementor-element elementor-element-adce77f elementor-section-stretched elementor-section-boxed elementor-section-height-default elementor-section-height-default\" data-id=\"adce77f\" data-element_type=\"section\" data-settings=\"{&quot;stretch_section&quot;:&quot;section-stretched&quot;}\">\n\t\t\t\t\t\t<div class=\"elementor-container elementor-column-gap-default\">\n\t\t\t\t\t<div class=\"elementor-column elementor-col-50 elementor-top-column elementor-element elementor-element-dd7c73f\" data-id=\"dd7c73f\" data-element_type=\"column\">\n\t\t\t<div class=\"elementor-widget-wrap elementor-element-populated\">\n\t\t\t\t\t\t<section class=\"elementor-section elementor-inner-section elementor-element elementor-element-1ce256d elementor-section-boxed elementor-section-height-default elementor-section-height-default\" data-id=\"1ce256d\" data-element_type=\"section\">\n\t\t\t\t\t\t<div class=\"elementor-container elementor-column-gap-default\">\n\t\t\t\t\t<div class=\"elementor-column elementor-col-50 elementor-inner-column elementor-element elementor-element-cd50d81\" data-id=\"cd50d81\" data-element_type=\"column\">\n\t\t\t<div class=\"elementor-widget-wrap elementor-element-populated\">\n\t\t\t\t\t\t<div class=\"elementor-element elementor-element-842580a elementor-invisible elementor-widget elementor-widget-image\" data-id=\"842580a\" data-element_type=\"widget\" data-settings=\"{&quot;_animation&quot;:&quot;fadeInDown&quot;}\" data-widget_type=\"image.default\">\n\t\t\t\t<div class=\"elementor-widget-container\">\n\t\t\t\t\t\t\t\t\t\t\t\t\t\t\t<img decoding=\"async\" width=\"250\" height=\"120\" src=\"https:\/\/pecadosagrado.com\/wp-content\/uploads\/2020\/07\/logo-Pecado-Sagrado.png\" class=\"attachment-large size-large wp-image-156\" alt=\"\" \/>\t\t\t\t\t\t\t\t\t\t\t\t\t\t\t<\/div>\n\t\t\t\t<\/div>\n\t\t\t\t\t<\/div>\n\t\t<\/div>\n\t\t\t\t<div class=\"elementor-column elementor-col-50 elementor-inner-column elementor-element elementor-element-cfd8bd0\" data-id=\"cfd8bd0\" data-element_type=\"column\">\n\t\t\t<div class=\"elementor-widget-wrap elementor-element-populated\">\n\t\t\t\t\t\t<div class=\"elementor-element elementor-element-1d7032a elementor-invisible elementor-widget elementor-widget-image\" data-id=\"1d7032a\" data-element_type=\"widget\" data-settings=\"{&quot;_animation&quot;:&quot;fadeInDown&quot;}\" data-widget_type=\"image.default\">\n\t\t\t\t<div class=\"elementor-widget-container\">\n\t\t\t\t\t\t\t\t\t\t\t\t\t\t\t<img decoding=\"async\" width=\"250\" height=\"120\" src=\"https:\/\/pecadosagrado.com\/wp-content\/uploads\/2021\/03\/logo-Santo-viaje.png\" class=\"attachment-large size-large wp-image-757\" alt=\"\" srcset=\"https:\/\/pecadosagrado.com\/wp-content\/uploads\/2021\/03\/logo-Santo-viaje.png 250w, https:\/\/pecadosagrado.com\/wp-content\/uploads\/2021\/03\/logo-Santo-viaje-16x8.png 16w\" sizes=\"(max-width: 250px) 100vw, 250px\" \/>\t\t\t\t\t\t\t\t\t\t\t\t\t\t\t<\/div>\n\t\t\t\t<\/div>\n\t\t\t\t\t<\/div>\n\t\t<\/div>\n\t\t\t\t\t<\/div>\n\t\t<\/section>\n\t\t\t\t<div class=\"elementor-element elementor-element-1d3f779 elementor-invisible elementor-widget elementor-widget-heading\" data-id=\"1d3f779\" data-element_type=\"widget\" data-settings=\"{&quot;_animation&quot;:&quot;fadeInUp&quot;}\" data-widget_type=\"heading.default\">\n\t\t\t\t<div class=\"elementor-widget-container\">\n\t\t\t\t\t<h2 class=\"elementor-heading-title elementor-size-default\">HISTOIRE<\/h2>\t\t\t\t<\/div>\n\t\t\t\t<\/div>\n\t\t\t\t<div class=\"elementor-element elementor-element-7eff94f elementor-invisible elementor-widget elementor-widget-text-editor\" data-id=\"7eff94f\" data-element_type=\"widget\" data-settings=\"{&quot;_animation&quot;:&quot;fadeIn&quot;}\" data-widget_type=\"text-editor.default\">\n\t\t\t\t<div class=\"elementor-widget-container\">\n\t\t\t\t\t\t\t\t\t<p>L'origine de la Casa Origen Diego Ruiz remonte \u00e0 2015, lorsque le jeune Diego Ruiz Vargas d\u00e9cide de mettre de c\u00f4t\u00e9 la vie de politique internationale qu'il d\u00e9butait alors, pour passer du temps avec sa m\u00e8re souffrante et sa famille. Apr\u00e8s la mort de sa m\u00e8re, il d\u00e9cide d'investir tout son capital \u00e9pargne dans la production et la commercialisation du mezcal, en absorbant une petite fabrique artisanale familiale de mezcal riche de 168 ans d'exp\u00e9rience.<\/p><p>Le reste est une histoire de travail et de d\u00e9dication bas\u00e9e sur des principes solides, tels que la simplicit\u00e9, la confiance, l'honn\u00eatet\u00e9 et le dialogue avec le client.<\/p>\t\t\t\t\t\t\t\t<\/div>\n\t\t\t\t<\/div>\n\t\t\t\t<div class=\"elementor-element elementor-element-902387e elementor-invisible elementor-widget elementor-widget-image\" data-id=\"902387e\" data-element_type=\"widget\" data-settings=\"{&quot;_animation&quot;:&quot;fadeIn&quot;}\" data-widget_type=\"image.default\">\n\t\t\t\t<div class=\"elementor-widget-container\">\n\t\t\t\t\t\t\t\t\t\t\t\t\t\t\t<img decoding=\"async\" width=\"100\" height=\"125\" src=\"https:\/\/pecadosagrado.com\/wp-content\/uploads\/2021\/01\/Diego-Ruiz-foto.jpg\" class=\"attachment-thumbnail size-thumbnail wp-image-660\" alt=\"\" \/>\t\t\t\t\t\t\t\t\t\t\t\t\t\t\t<\/div>\n\t\t\t\t<\/div>\n\t\t\t\t<div class=\"elementor-element elementor-element-e1a5441 elementor-invisible elementor-widget elementor-widget-text-editor\" data-id=\"e1a5441\" data-element_type=\"widget\" data-settings=\"{&quot;_animation&quot;:&quot;fadeInUp&quot;}\" data-widget_type=\"text-editor.default\">\n\t\t\t\t<div class=\"elementor-widget-container\">\n\t\t\t\t\t\t\t\t\t<p class=\"translation-block\"><strong>Don Diego Ruiz Vargas<\/strong><br>Fondateur<\/p>\t\t\t\t\t\t\t\t<\/div>\n\t\t\t\t<\/div>\n\t\t\t\t<div class=\"elementor-element elementor-element-6f66263 elementor-invisible elementor-widget elementor-widget-text-editor\" data-id=\"6f66263\" data-element_type=\"widget\" data-settings=\"{&quot;_animation&quot;:&quot;fadeIn&quot;}\" data-widget_type=\"text-editor.default\">\n\t\t\t\t<div class=\"elementor-widget-container\">\n\t\t\t\t\t\t\t\t\t<p>\"Notre leadership est bas\u00e9 sur le fait que nous sommes une entreprise autosuffisante qui fournit des produits de la plus haute qualit\u00e9 et qui maintient la tradition de la production artisanale associ\u00e9e aux plus r\u00e9centes avanc\u00e9es en mati\u00e8re de soins et de culture de l'agave\".<\/p>\t\t\t\t\t\t\t\t<\/div>\n\t\t\t\t<\/div>\n\t\t\t\t\t<\/div>\n\t\t<\/div>\n\t\t\t\t<div class=\"elementor-column elementor-col-50 elementor-top-column elementor-element elementor-element-d67f8ab\" data-id=\"d67f8ab\" data-element_type=\"column\" data-settings=\"{&quot;background_background&quot;:&quot;classic&quot;}\">\n\t\t\t<div class=\"elementor-widget-wrap elementor-element-populated\">\n\t\t\t\t\t\t<div class=\"elementor-element elementor-element-d8f27ec elementor-invisible elementor-widget elementor-widget-text-editor\" data-id=\"d8f27ec\" data-element_type=\"widget\" data-settings=\"{&quot;_animation&quot;:&quot;fadeIn&quot;}\" data-widget_type=\"text-editor.default\">\n\t\t\t\t<div class=\"elementor-widget-container\">\n\t\t\t\t\t\t\t\t\t<p>\"Notre leadership est bas\u00e9 sur le fait que nous sommes une entreprise autosuffisante qui fournit des produits de la plus haute qualit\u00e9 et qui maintient la tradition de la production artisanale associ\u00e9e aux plus r\u00e9centes avanc\u00e9es en mati\u00e8re de soins et de culture de l'agave\".<\/p>\t\t\t\t\t\t\t\t<\/div>\n\t\t\t\t<\/div>\n\t\t\t\t<section class=\"elementor-section elementor-inner-section elementor-element elementor-element-a1ea5d5 elementor-section-boxed elementor-section-height-default elementor-section-height-default\" data-id=\"a1ea5d5\" data-element_type=\"section\" data-settings=\"{&quot;background_background&quot;:&quot;classic&quot;}\">\n\t\t\t\t\t\t<div class=\"elementor-container elementor-column-gap-default\">\n\t\t\t\t\t<div class=\"elementor-column elementor-col-100 elementor-inner-column elementor-element elementor-element-48bd3a6\" data-id=\"48bd3a6\" data-element_type=\"column\" data-settings=\"{&quot;background_background&quot;:&quot;classic&quot;}\">\n\t\t\t<div class=\"elementor-widget-wrap elementor-element-populated\">\n\t\t\t\t\t\t<div class=\"elementor-element elementor-element-8a409ec elementor-widget elementor-widget-video\" data-id=\"8a409ec\" data-element_type=\"widget\" data-settings=\"{&quot;youtube_url&quot;:&quot;https:\\\/\\\/youtu.be\\\/_m_pLG1M618&quot;,&quot;show_image_overlay&quot;:&quot;yes&quot;,&quot;image_overlay&quot;:{&quot;url&quot;:&quot;http:\\\/\\\/pecadosagrado.com\\\/wp-content\\\/uploads\\\/2021\\\/03\\\/video-poster.jpg&quot;,&quot;id&quot;:848,&quot;size&quot;:&quot;&quot;},&quot;video_type&quot;:&quot;youtube&quot;,&quot;controls&quot;:&quot;yes&quot;}\" data-widget_type=\"video.default\">\n\t\t\t\t<div class=\"elementor-widget-container\">\n\t\t\t\t\t\t\t<div class=\"elementor-wrapper elementor-open-inline\">\n\t\t\t<div class=\"elementor-video\"><\/div>\t\t\t\t<div class=\"elementor-custom-embed-image-overlay\" style=\"background-image: url(https:\/\/pecadosagrado.com\/wp-content\/uploads\/2021\/03\/video-poster.jpg);\">\n\t\t\t\t\t\t\t\t\t\t\t\t\t\t\t\t<div class=\"elementor-custom-embed-play\" role=\"button\" aria-label=\"Lire la vid\u00e9o\" tabindex=\"0\">\n\t\t\t\t\t\t\t<i aria-hidden=\"true\" class=\"eicon-play\"><\/i>\t\t\t\t\t\t<\/div>\n\t\t\t\t\t\t\t\t\t<\/div>\n\t\t\t\t\t<\/div>\n\t\t\t\t\t\t<\/div>\n\t\t\t\t<\/div>\n\t\t\t\t\t<\/div>\n\t\t<\/div>\n\t\t\t\t\t<\/div>\n\t\t<\/section>\n\t\t\t\t<div class=\"elementor-element elementor-element-fcf0407 elementor-invisible elementor-widget elementor-widget-text-editor\" data-id=\"fcf0407\" data-element_type=\"widget\" data-settings=\"{&quot;_animation&quot;:&quot;fadeIn&quot;}\" data-widget_type=\"text-editor.default\">\n\t\t\t\t<div class=\"elementor-widget-container\">\n\t\t\t\t\t\t\t\t\t<p>Ainsi que le mentionne toujours le fondateur et propri\u00e9taire :<\/p><p>\"Il n'y a pas d'argent facile, seulement du travail, ce qui compte vraiment, c'est de le faire avec amour. Juste \u00eatre le meilleur et faire les choses bien du premier coup\".<\/p><p>Ainsi que le mentionne toujours le fondateur et propri\u00e9taire :<\/p><p>\"Il n'y a pas d'argent facile, seulement du travail, ce qui compte vraiment, c'est de le faire avec amour. Juste \u00eatre le meilleur et faire les choses bien du premier coup\".<\/p>\t\t\t\t\t\t\t\t<\/div>\n\t\t\t\t<\/div>\n\t\t\t\t\t<\/div>\n\t\t<\/div>\n\t\t\t\t\t<\/div>\n\t\t<\/section>\n\t\t\t\t<\/div>","protected":false},"excerpt":{"rendered":"<p>HISTORIA El origen de Casa Origen Diego Ruiz se remonta a 2015, cuando el joven Diego Ruiz Vargas decidi\u00f3 hacer a un lado la vida en pol\u00edtica internacional que a\u00fan empezaba para pasar tiempo con su madre enferma y familia. Despu\u00e9s de la muerte de su madre nace en \u00e9l el deseo de homenajear a &#8230; <a title=\"Historia\" class=\"read-more\" href=\"https:\/\/pecadosagrado.com\/fr\/historia\/\" aria-label=\"En savoir plus sur Historia\">Read more<\/a><\/p>","protected":false},"author":1,"featured_media":0,"parent":0,"menu_order":0,"comment_status":"closed","ping_status":"closed","template":"","meta":{"generate_page_header":"","footnotes":""},"class_list":["post-871","page","type-page","status-publish"],"aioseo_notices":[],"_links":{"self":[{"href":"https:\/\/pecadosagrado.com\/fr\/wp-json\/wp\/v2\/pages\/871","targetHints":{"allow":["GET"]}}],"collection":[{"href":"https:\/\/pecadosagrado.com\/fr\/wp-json\/wp\/v2\/pages"}],"about":[{"href":"https:\/\/pecadosagrado.com\/fr\/wp-json\/wp\/v2\/types\/page"}],"author":[{"embeddable":true,"href":"https:\/\/pecadosagrado.com\/fr\/wp-json\/wp\/v2\/users\/1"}],"replies":[{"embeddable":true,"href":"https:\/\/pecadosagrado.com\/fr\/wp-json\/wp\/v2\/comments?post=871"}],"version-history":[{"count":4,"href":"https:\/\/pecadosagrado.com\/fr\/wp-json\/wp\/v2\/pages\/871\/revisions"}],"predecessor-version":[{"id":875,"href":"https:\/\/pecadosagrado.com\/fr\/wp-json\/wp\/v2\/pages\/871\/revisions\/875"}],"wp:attachment":[{"href":"https:\/\/pecadosagrado.com\/fr\/wp-json\/wp\/v2\/media?parent=871"}],"curies":[{"name":"wp","href":"https:\/\/api.w.org\/{rel}","templated":true}]}}