{"id":926,"date":"2021-04-08T07:37:04","date_gmt":"2021-04-08T12:37:04","guid":{"rendered":"http:\/\/pecadosagrado.com\/?page_id=926"},"modified":"2021-04-08T07:37:41","modified_gmt":"2021-04-08T12:37:41","slug":"quienes-somos","status":"publish","type":"page","link":"https:\/\/pecadosagrado.com\/en\/quienes-somos\/","title":{"rendered":"Qui\u00e9nes somos"},"content":{"rendered":"<div data-elementor-type=\"wp-page\" data-elementor-id=\"926\" class=\"elementor elementor-926\" data-elementor-post-type=\"page\">\n\t\t\t\t\t\t<section class=\"elementor-section elementor-top-section elementor-element elementor-element-ea621a5 elementor-section-stretched elementor-section-boxed elementor-section-height-default elementor-section-height-default\" data-id=\"ea621a5\" data-element_type=\"section\" data-settings=\"{&quot;stretch_section&quot;:&quot;section-stretched&quot;,&quot;background_background&quot;:&quot;classic&quot;}\">\n\t\t\t\t\t\t<div class=\"elementor-container elementor-column-gap-default\">\n\t\t\t\t\t<div class=\"elementor-column elementor-col-50 elementor-top-column elementor-element elementor-element-2e25fe0\" data-id=\"2e25fe0\" data-element_type=\"column\">\n\t\t\t<div class=\"elementor-widget-wrap elementor-element-populated\">\n\t\t\t\t\t\t<div class=\"elementor-element elementor-element-4ee9eb1 elementor-invisible elementor-widget elementor-widget-image\" data-id=\"4ee9eb1\" data-element_type=\"widget\" data-settings=\"{&quot;_animation&quot;:&quot;fadeInLeft&quot;}\" data-widget_type=\"image.default\">\n\t\t\t\t<div class=\"elementor-widget-container\">\n\t\t\t\t\t\t\t\t\t\t\t\t\t\t\t<img decoding=\"async\" width=\"250\" height=\"98\" src=\"https:\/\/pecadosagrado.com\/wp-content\/uploads\/2020\/10\/cropped-logo250x100px.png\" class=\"attachment-large size-large wp-image-302\" alt=\"\" \/>\t\t\t\t\t\t\t\t\t\t\t\t\t\t\t<\/div>\n\t\t\t\t<\/div>\n\t\t\t\t\t<\/div>\n\t\t<\/div>\n\t\t\t\t<div class=\"elementor-column elementor-col-50 elementor-top-column elementor-element elementor-element-c1fdd94\" data-id=\"c1fdd94\" data-element_type=\"column\">\n\t\t\t<div class=\"elementor-widget-wrap elementor-element-populated\">\n\t\t\t\t\t\t<div class=\"elementor-element elementor-element-e6f3a4d elementor-invisible elementor-widget elementor-widget-heading\" data-id=\"e6f3a4d\" data-element_type=\"widget\" data-settings=\"{&quot;_animation&quot;:&quot;fadeInUp&quot;}\" data-widget_type=\"heading.default\">\n\t\t\t\t<div class=\"elementor-widget-container\">\n\t\t\t\t\t<h2 class=\"elementor-heading-title elementor-size-default\"><a href=\"http:\/\/QUI\">ABOUT US<\/a><\/h2>\t\t\t\t<\/div>\n\t\t\t\t<\/div>\n\t\t\t\t<div class=\"elementor-element elementor-element-149b7c6 elementor-widget elementor-widget-text-editor\" data-id=\"149b7c6\" data-element_type=\"widget\" data-widget_type=\"text-editor.default\">\n\t\t\t\t<div class=\"elementor-widget-container\">\n\t\t\t\t\t\t\t\t\t<p>Casa Origen Diego Ruiz is a mezcal factory that honors our roots and connects with our Mexican identity. Our leadership is based on being a self-sustaining enterprise with the courage to looking for ethical opportunities that exist in the market. \u201cFrom its beginnings, at Casa Origen Diego Ruiz we have known how to build a successful business based on the unique and deep way of understanding the client and constantly adapting to change.\u201d<\/p>\t\t\t\t\t\t\t\t<\/div>\n\t\t\t\t<\/div>\n\t\t\t\t\t<\/div>\n\t\t<\/div>\n\t\t\t\t\t<\/div>\n\t\t<\/section>\n\t\t\t\t<\/div>","protected":false},"excerpt":{"rendered":"<p>\u00bfQUI\u00c9NES SOMOS? Casa Origen Diego Ruiz es una f\u00e1brica de mezcal que hace honor a nuestras ra\u00edces y conecta con la identidad mexicana. Nuestro liderazgo se basa en ser una empresa autosuficiente y con el coraje de observar las oportunidades \u00e9ticas que existen en el mercado. \u00abDesde sus inicios, en Casa Origen Diego Ruiz hemos &#8230; <a title=\"Qui\u00e9nes somos\" class=\"read-more\" href=\"https:\/\/pecadosagrado.com\/en\/quienes-somos\/\" aria-label=\"Read more about Qui\u00e9nes somos\">Read more<\/a><\/p>","protected":false},"author":1,"featured_media":0,"parent":0,"menu_order":0,"comment_status":"closed","ping_status":"closed","template":"","meta":{"generate_page_header":"","footnotes":""},"class_list":["post-926","page","type-page","status-publish"],"aioseo_notices":[],"_links":{"self":[{"href":"https:\/\/pecadosagrado.com\/en\/wp-json\/wp\/v2\/pages\/926","targetHints":{"allow":["GET"]}}],"collection":[{"href":"https:\/\/pecadosagrado.com\/en\/wp-json\/wp\/v2\/pages"}],"about":[{"href":"https:\/\/pecadosagrado.com\/en\/wp-json\/wp\/v2\/types\/page"}],"author":[{"embeddable":true,"href":"https:\/\/pecadosagrado.com\/en\/wp-json\/wp\/v2\/users\/1"}],"replies":[{"embeddable":true,"href":"https:\/\/pecadosagrado.com\/en\/wp-json\/wp\/v2\/comments?post=926"}],"version-history":[{"count":4,"href":"https:\/\/pecadosagrado.com\/en\/wp-json\/wp\/v2\/pages\/926\/revisions"}],"predecessor-version":[{"id":930,"href":"https:\/\/pecadosagrado.com\/en\/wp-json\/wp\/v2\/pages\/926\/revisions\/930"}],"wp:attachment":[{"href":"https:\/\/pecadosagrado.com\/en\/wp-json\/wp\/v2\/media?parent=926"}],"curies":[{"name":"wp","href":"https:\/\/api.w.org\/{rel}","templated":true}]}}