{"id":463,"date":"2020-11-09T16:18:20","date_gmt":"2020-11-09T22:18:20","guid":{"rendered":"http:\/\/pecadosagrado.com\/?post_type=product&#038;p=463"},"modified":"2025-04-05T19:11:33","modified_gmt":"2025-04-06T01:11:33","slug":"mezcal-pecado-sagrado-destilados","status":"publish","type":"product","link":"https:\/\/pecadosagrado.com\/de\/produkt\/mezcal-pecado-sagrado-destilados\/","title":{"rendered":"Mezcal Pecado Sagrado Destilados"},"content":{"rendered":"<p>Destillierter Mezcal wird nur aus wei\u00dfem Mezcal hergestellt, hier gibt es Mezcales de Pechuga oder Destillate mit Fr\u00fcchten. Wir produzieren nur Mezcales de Pechuga, welche in der zweiten oder dritten Destillation hinzugef\u00fcgt werden, wie es nach traditioneller Art \u00fcblich ist.<\/p>","protected":false},"excerpt":{"rendered":"<p>Destillierter Mezcal wird nur aus wei\u00dfem Mezcal hergestellt, hier gibt es Mezcales de Pechuga oder Destillate mit Fr\u00fcchten. Wir produzieren nur Mezcales de Pechuga, welche in der zweiten oder dritten Destillation hinzugef\u00fcgt werden, wie es nach traditioneller Art \u00fcblich ist.<\/p>","protected":false},"featured_media":464,"comment_status":"open","ping_status":"closed","template":"","meta":{"generate_page_header":""},"product_brand":[],"product_cat":[27],"product_tag":[],"class_list":{"0":"post-463","1":"product","2":"type-product","3":"status-publish","4":"has-post-thumbnail","6":"product_cat-pecado-sagrado","7":"sales-flash-overlay","8":"woocommerce-text-align-center","9":"woocommerce-image-align-center","11":"first","12":"instock","13":"shipping-taxable","14":"product-type-simple"},"aioseo_notices":[],"_links":{"self":[{"href":"https:\/\/pecadosagrado.com\/de\/wp-json\/wp\/v2\/product\/463","targetHints":{"allow":["GET"]}}],"collection":[{"href":"https:\/\/pecadosagrado.com\/de\/wp-json\/wp\/v2\/product"}],"about":[{"href":"https:\/\/pecadosagrado.com\/de\/wp-json\/wp\/v2\/types\/product"}],"replies":[{"embeddable":true,"href":"https:\/\/pecadosagrado.com\/de\/wp-json\/wp\/v2\/comments?post=463"}],"wp:featuredmedia":[{"embeddable":true,"href":"https:\/\/pecadosagrado.com\/de\/wp-json\/wp\/v2\/media\/464"}],"wp:attachment":[{"href":"https:\/\/pecadosagrado.com\/de\/wp-json\/wp\/v2\/media?parent=463"}],"wp:term":[{"taxonomy":"product_brand","embeddable":true,"href":"https:\/\/pecadosagrado.com\/de\/wp-json\/wp\/v2\/product_brand?post=463"},{"taxonomy":"product_cat","embeddable":true,"href":"https:\/\/pecadosagrado.com\/de\/wp-json\/wp\/v2\/product_cat?post=463"},{"taxonomy":"product_tag","embeddable":true,"href":"https:\/\/pecadosagrado.com\/de\/wp-json\/wp\/v2\/product_tag?post=463"}],"curies":[{"name":"wp","href":"https:\/\/api.w.org\/{rel}","templated":true}]}}