{"id":461,"date":"2020-11-09T16:17:03","date_gmt":"2020-11-09T22:17:03","guid":{"rendered":"http:\/\/pecadosagrado.com\/?post_type=product&#038;p=461"},"modified":"2021-04-24T09:36:20","modified_gmt":"2021-04-24T14:36:20","slug":"mezcal-pecado-sagrado-abocado","status":"publish","type":"product","link":"https:\/\/pecadosagrado.com\/de\/produkt\/mezcal-pecado-sagrado-abocado\/","title":{"rendered":"Mezcal Pecado Sagrado Abocado"},"content":{"rendered":"<p>Mezcal der Klasse \u201cabocado\u201d, ist in Mezcal dem weitere Zutaten wie Insekten, Fr\u00fcchte oder Kr\u00e4uter direkt in der Flasche hinzugef\u00fcgt werden, um ihn geschmacklich anzureichern. Als Basis dient ein Mezcal Joven\/Blanco, aus 100% Agave Espad\u00edn (Agave Angustifolia Haw.). Hier kannst du Abocado mit Brombeere, Nance, Tamarinde, Maracuja, Kaffee und Nuss finden.<\/p>","protected":false},"excerpt":{"rendered":"<p>El mezcal de clase abocado, es el mezcal al que se le debe incorporar directamente ingredientes para adicionar sabores, tales como insecto, fruta o hierba dentro de la botella. El mezcal base es Joven\/Blanco; el cu\u00e1l es 100% Maguey Espad\u00edn (Agave Angustifolia Haw.).Aqu\u00ed te podr\u00e1s encontrar con \u201cAbocado de Zarzamora, Nanche, Tamarindo, Maracuy\u00e1, Caf\u00e9 y &#8230; <a title=\"Mezcal Pecado Sagrado Abocado\" class=\"read-more\" href=\"https:\/\/pecadosagrado.com\/de\/produkt\/mezcal-pecado-sagrado-abocado\/\" aria-label=\"Mehr Informationen \u00fcber Mezcal Pecado Sagrado Abocado\">Read more<\/a><\/p>","protected":false},"featured_media":462,"comment_status":"open","ping_status":"closed","template":"","meta":{"generate_page_header":""},"product_brand":[],"product_cat":[27],"product_tag":[],"class_list":{"0":"post-461","1":"product","2":"type-product","3":"status-publish","4":"has-post-thumbnail","6":"product_cat-pecado-sagrado","7":"sales-flash-overlay","8":"woocommerce-text-align-center","9":"woocommerce-image-align-center","11":"first","12":"instock","13":"shipping-taxable","14":"product-type-simple"},"aioseo_notices":[],"_links":{"self":[{"href":"https:\/\/pecadosagrado.com\/de\/wp-json\/wp\/v2\/product\/461","targetHints":{"allow":["GET"]}}],"collection":[{"href":"https:\/\/pecadosagrado.com\/de\/wp-json\/wp\/v2\/product"}],"about":[{"href":"https:\/\/pecadosagrado.com\/de\/wp-json\/wp\/v2\/types\/product"}],"replies":[{"embeddable":true,"href":"https:\/\/pecadosagrado.com\/de\/wp-json\/wp\/v2\/comments?post=461"}],"wp:featuredmedia":[{"embeddable":true,"href":"https:\/\/pecadosagrado.com\/de\/wp-json\/wp\/v2\/media\/462"}],"wp:attachment":[{"href":"https:\/\/pecadosagrado.com\/de\/wp-json\/wp\/v2\/media?parent=461"}],"wp:term":[{"taxonomy":"product_brand","embeddable":true,"href":"https:\/\/pecadosagrado.com\/de\/wp-json\/wp\/v2\/product_brand?post=461"},{"taxonomy":"product_cat","embeddable":true,"href":"https:\/\/pecadosagrado.com\/de\/wp-json\/wp\/v2\/product_cat?post=461"},{"taxonomy":"product_tag","embeddable":true,"href":"https:\/\/pecadosagrado.com\/de\/wp-json\/wp\/v2\/product_tag?post=461"}],"curies":[{"name":"wp","href":"https:\/\/api.w.org\/{rel}","templated":true}]}}