{"id":417,"date":"2020-10-20T17:17:11","date_gmt":"2020-10-20T17:17:11","guid":{"rendered":"http:\/\/pecadosagrado.com\/?post_type=product&#038;p=417"},"modified":"2021-05-17T08:05:06","modified_gmt":"2021-05-17T13:05:06","slug":"mezcal-pecado-sagrado","status":"publish","type":"product","link":"https:\/\/pecadosagrado.com\/de\/produkt\/mezcal-pecado-sagrado\/","title":{"rendered":"Mezcal Pecado Sagrado"},"content":{"rendered":"<p>Ein Mezcal der \u00e4lter als 12 Monate ist (mindestens ein Jahr), und in einem Holzgef\u00e4\u00df unter stabilen Temperatur- und Feuchtigkeitsverh\u00e4ltnissen aufbewahrt wird.<\/p>\n<p>Mezcal aus Agave Espad\u00edn (Agave angustifolia Haw.), aus der Region Valle de Oaxaca. Ruht 18 Monate in Holzf\u00e4ssern aus 80% amerikanischer Wei\u00df-Eiche und 20% franz\u00f6sischer Wei\u00df-Eiche. Seine Farbe ist eine Reise durch die Vergangenheit, aber sein Geschmack bringt dich in die Gegenwart.\n\n<ul>\n<li>100% Maguey Espad\u00edn (Agave Angustifolia Haw.).<\/li>\n<li>42% Alc. Vol.<\/li>\n<li>Die Agave Espad\u00edn kommt aus der Region Valle de Oaxaca.<\/li>\n<li>Hergestellt in der Destillerie in Santiago Matatl\u00e1n, Tlacolula, Oaxaca.<\/li>\n<li>Herstellungsprozess\n<ul>\n<li>Auswahl der Agaven aus der Region Valle de Oaxaca<\/li>\n<li>Gekocht im Holzofen unter der Erde<\/li>\n<li>Zermahlt in Steinm\u00fchle angetrieben von Pferden<\/li>\n<li>Nat\u00fcrliche G\u00e4rung in 800L Kiefernholzfass, mit heimischen Hefen aus der Region. Doppelte Destillation im Kupferkessel<\/li>\n<li>Zertifizierung durch das CRM, nach Norm NOM-070-SCFI-2016 des Mezcal und Herkunftsbezeichnung<\/li>\n<\/ul>\n<\/li>\n<\/ul><\/p>","protected":false},"excerpt":{"rendered":"<p>Ein Mezcal der \u00e4lter als 12 Monate ist (mindestens ein Jahr), und in einem Holzgef\u00e4\u00df unter stabilen Temperatur- und Feuchtigkeitsverh\u00e4ltnissen aufbewahrt wird.<\/p>","protected":false},"featured_media":843,"comment_status":"open","ping_status":"closed","template":"","meta":{"generate_page_header":""},"product_brand":[],"product_cat":[27],"product_tag":[],"class_list":{"0":"post-417","1":"product","2":"type-product","3":"status-publish","4":"has-post-thumbnail","6":"product_cat-pecado-sagrado","7":"product_shipping_class-mexico","8":"sales-flash-overlay","9":"woocommerce-text-align-center","10":"woocommerce-image-align-center","12":"first","13":"instock","14":"shipping-taxable","15":"product-type-simple"},"aioseo_notices":[],"_links":{"self":[{"href":"https:\/\/pecadosagrado.com\/de\/wp-json\/wp\/v2\/product\/417","targetHints":{"allow":["GET"]}}],"collection":[{"href":"https:\/\/pecadosagrado.com\/de\/wp-json\/wp\/v2\/product"}],"about":[{"href":"https:\/\/pecadosagrado.com\/de\/wp-json\/wp\/v2\/types\/product"}],"replies":[{"embeddable":true,"href":"https:\/\/pecadosagrado.com\/de\/wp-json\/wp\/v2\/comments?post=417"}],"wp:featuredmedia":[{"embeddable":true,"href":"https:\/\/pecadosagrado.com\/de\/wp-json\/wp\/v2\/media\/843"}],"wp:attachment":[{"href":"https:\/\/pecadosagrado.com\/de\/wp-json\/wp\/v2\/media?parent=417"}],"wp:term":[{"taxonomy":"product_brand","embeddable":true,"href":"https:\/\/pecadosagrado.com\/de\/wp-json\/wp\/v2\/product_brand?post=417"},{"taxonomy":"product_cat","embeddable":true,"href":"https:\/\/pecadosagrado.com\/de\/wp-json\/wp\/v2\/product_cat?post=417"},{"taxonomy":"product_tag","embeddable":true,"href":"https:\/\/pecadosagrado.com\/de\/wp-json\/wp\/v2\/product_tag?post=417"}],"curies":[{"name":"wp","href":"https:\/\/api.w.org\/{rel}","templated":true}]}}